{"id":2136,"date":"2025-03-17T05:48:22","date_gmt":"2025-03-17T08:48:22","guid":{"rendered":"https:\/\/calculatorcch.com\/?page_id=2136"},"modified":"2025-03-17T05:48:23","modified_gmt":"2025-03-17T08:48:23","slug":"accounts-receivable-turnover-calculator","status":"publish","type":"page","link":"https:\/\/calculatorcch.com\/en\/economics-and-business-calculator\/accounts-receivable-turnover-calculator\/","title":{"rendered":"Accounts Receivable Turnover Calculator"},"content":{"rendered":"<p>[et_pb_section fb_built=\u201d1\u2033 custom_padding_last_edited=\u201don|phone\u201d _builder_version=\u201d4.27.4\u2033 _module_preset=\u201ddefault\u201d background_color=\u201drgba(214,214,214,0.2)\u201d custom_margin_tablet=\u201d\u201d custom_margin_phone=\u201d\u201d custom_margin_last_edited=\u201don|phone\u201d custom_padding=\u201d0px||||false|false\u201d custom_padding_tablet=\u201d22px||22px||true|false\u201d custom_padding_phone=\u201d22px||22px||true|false\u201d global_colors_info=\u201d{}\u201d][et_pb_row _builder_version=\u201d4.27.4\u2033 _module_preset=\u201ddefault\u201d global_colors_info=\u201d{}\u201d][et_pb_column type=\u201d4_4\u2033 _builder_version=\u201d4.27.4\u2033 _module_preset=\u201ddefault\u201d global_colors_info=\u201d{}\u201d][et_pb_text _builder_version=\u201d4.27.4\u2033 _module_preset=\u201ddefault\u201d hover_enabled=\u201d0\u2033 global_colors_info=\u201d{}\u201d sticky_enabled=\u201d0\u2033]<\/p>\n<h1><b>Accounts Receivable Turnover Calculator \u2013 Evaluate your collections management efficiency<\/b><\/h1>\n<p>[\/et_pb_text][\/et_pb_column][\/et_pb_row][et_pb_row column_structure=\u201d1_2,1_2\u2033 _builder_version=\u201d4.27.4\u2033 _module_preset=\u201ddefault\u201d global_colors_info=\u201d{}\u201d][et_pb_column type=\u201d1_2\u2033 _builder_version=\u201d4.27.4\u2033 _module_preset=\u201ddefault\u201d global_colors_info=\u201d{}\u201d][et_pb_text disabled_on=\u201don|on|off\u201d _builder_version=\u201d4.27.4\u2033 _module_preset=\u201ddefault\u201d header_font=\u201d|600||||||||\u201d header_font_size=\u201d45px\u201d header_line_height=\u201d1.5em\u201d header_font_size_tablet=\u201d40px\u201d header_font_size_phone=\u201d30px\u201d header_font_size_last_edited=\u201don|desktop\u201d header_line_height_tablet=\u201d1.5em\u201d header_line_height_phone=\u201d1.3em\u201d header_line_height_last_edited=\u201don|desktop\u201d global_colors_info=\u201d{}\u201d]<\/p>\n<h2><b>Accounts Receivable Turnover Calculator<\/b><\/h2>\n<p>[\/et_pb_text][et_pb_code _builder_version=\u201d4.27.4\u2033 _module_preset=\u201ddefault\u201d global_colors_info=\u201d{}\u201d]<\/p>\n<div class=\"roi-calculator-container\"><!-- [et_pb_line_break_holder] -->    <\/p>\n<div class=\"form-group\"><!-- [et_pb_line_break_holder] -->        <label id=\"creditSalesLabel\" for=\"creditSales\">Credit Sales ($):<\/label><!-- [et_pb_line_break_holder] -->        <input type=\"number\" id=\"creditSales\" step=\"0.01\"><!-- [et_pb_line_break_holder] -->    <\/div>\n<p><!-- [et_pb_line_break_holder] -->    <\/p>\n<div class=\"form-group\"><!-- [et_pb_line_break_holder] -->        <label id=\"averageReceivablesLabel\" for=\"averageReceivables\">Average Accounts Receivable ($):<\/label><!-- [et_pb_line_break_holder] -->        <input type=\"number\" id=\"averageReceivables\" step=\"0.01\"><!-- [et_pb_line_break_holder] -->    <\/div>\n<p><!-- [et_pb_line_break_holder] -->    <button id=\"calculateButton\" onclick=\"calculateReceivablesTurnover()\">Calculate Rotation<\/button><!-- [et_pb_line_break_holder] -->    <\/p>\n<div class=\"result\" id=\"result\" style=\"margin-top: 20px;\"><\/div>\n<p><!-- [et_pb_line_break_holder] --><\/div>\n<p><!-- [et_pb_line_break_holder] --><!-- [et_pb_line_break_holder] --><\/p>\n<style><!-- [et_pb_line_break_holder] -->    .roi-calculator-container {<!-- [et_pb_line_break_holder] -->        background: white;<!-- [et_pb_line_break_holder] -->        padding: 20px;<!-- [et_pb_line_break_holder] -->        border-radius: 8px;<!-- [et_pb_line_break_holder] -->        max-width: 500px;<!-- [et_pb_line_break_holder] -->        margin: 0 auto;<!-- [et_pb_line_break_holder] -->    }<!-- [et_pb_line_break_holder] --><!-- [et_pb_line_break_holder] -->    .roi-calculator-container .form-group {<!-- [et_pb_line_break_holder] -->        margin-bottom: 15px;<!-- [et_pb_line_break_holder] -->    }<!-- [et_pb_line_break_holder] --><!-- [et_pb_line_break_holder] -->    .roi-calculator-container label {<!-- [et_pb_line_break_holder] -->        display: block;<!-- [et_pb_line_break_holder] -->        margin-bottom: 5px;<!-- [et_pb_line_break_holder] -->        font-family: Arial, sans-serif;<!-- [et_pb_line_break_holder] -->        color: #000000;<!-- [et_pb_line_break_holder] -->    }<!-- [et_pb_line_break_holder] --><!-- [et_pb_line_break_holder] -->    .roi-calculator-container input[type=\"number\"] {<!-- [et_pb_line_break_holder] -->        width: 100%;<!-- [et_pb_line_break_holder] -->        padding: 8px;<!-- [et_pb_line_break_holder] -->        box-sizing: border-box;<!-- [et_pb_line_break_holder] -->        border: 1px solid #0970C4;<!-- [et_pb_line_break_holder] -->        border-radius: 4px;<!-- [et_pb_line_break_holder] -->        font-family: Arial, sans-serif;<!-- [et_pb_line_break_holder] -->        color: #000000;<!-- [et_pb_line_break_holder] -->    }<!-- [et_pb_line_break_holder] --><!-- [et_pb_line_break_holder] -->    .roi-calculator-container .result {<!-- [et_pb_line_break_holder] -->        font-family: Arial, sans-serif;<!-- [et_pb_line_break_holder] -->        color: #000000;<!-- [et_pb_line_break_holder] -->        padding: 15px;<!-- [et_pb_line_break_holder] -->    }<!-- [et_pb_line_break_holder] --><!-- [et_pb_line_break_holder] -->    .roi-calculator-container button {<!-- [et_pb_line_break_holder] -->        padding: 10px 20px;<!-- [et_pb_line_break_holder] -->        background-color: #C35D09;<!-- [et_pb_line_break_holder] -->        color: white;<!-- [et_pb_line_break_holder] -->        border: none;<!-- [et_pb_line_break_holder] -->        border-radius: 4px;<!-- [et_pb_line_break_holder] -->        cursor: pointer;<!-- [et_pb_line_break_holder] -->    }<!-- [et_pb_line_break_holder] --><!-- [et_pb_line_break_holder] -->    .roi-calculator-container button:hover {<!-- [et_pb_line_break_holder] -->        background-color: #b35408;<!-- [et_pb_line_break_holder] -->    }<!-- [et_pb_line_break_holder] --><\/style>\n<p><!-- [et_pb_line_break_holder] --><!-- [et_pb_line_break_holder] --><script><!-- [et_pb_line_break_holder] -->    const translations = {<!-- [et_pb_line_break_holder] -->        es: {<!-- [et_pb_line_break_holder] -->            creditSalesLabel: \"Ventas a Cr\u00e9dito ($):\",<!-- [et_pb_line_break_holder] -->            averageReceivablesLabel: \"Cuentas por Cobrar Promedio ($):\",<!-- [et_pb_line_break_holder] -->            calculateButton: \"Calcular Rotaci\u00f3n\",<!-- [et_pb_line_break_holder] -->            validValuesMessage: \"Por favor, ingresa valores v\u00e1lidos mayores a cero.\",<!-- [et_pb_line_break_holder] -->            turnoverResult: \"Rotaci\u00f3n de Cuentas por Cobrar: \"<!-- [et_pb_line_break_holder] -->        },<!-- [et_pb_line_break_holder] -->        en: {<!-- [et_pb_line_break_holder] -->            creditSalesLabel: \"Credit Sales ($):\",<!-- [et_pb_line_break_holder] -->            averageReceivablesLabel: \"Average Accounts Receivable ($):\",<!-- [et_pb_line_break_holder] -->            calculateButton: \"Calculate Turnover\",<!-- [et_pb_line_break_holder] -->            validValuesMessage: \"Please enter valid values greater than zero.\",<!-- [et_pb_line_break_holder] -->            turnoverResult: \"Receivables Turnover: \"<!-- [et_pb_line_break_holder] -->        }<!-- [et_pb_line_break_holder] -->    };<!-- [et_pb_line_break_holder] --><!-- [et_pb_line_break_holder] -->    function setLanguage(language) {<!-- [et_pb_line_break_holder] -->        document.getElementById('creditSalesLabel').innerText = translations[language].creditSalesLabel;<!-- [et_pb_line_break_holder] -->        document.getElementById('averageReceivablesLabel').innerText = translations[language].averageReceivablesLabel;<!-- [et_pb_line_break_holder] -->        document.getElementById('calculateButton').innerText = translations[language].calculateButton;<!-- [et_pb_line_break_holder] -->    }<!-- [et_pb_line_break_holder] --><!-- [et_pb_line_break_holder] -->    function getUserLanguage() {<!-- [et_pb_line_break_holder] -->        const userLang = navigator.language || navigator.userLanguage;<!-- [et_pb_line_break_holder] -->        const language = userLang.split('-')[0];<!-- [et_pb_line_break_holder] -->        return translations[language] ? language : 'en';<!-- [et_pb_line_break_holder] -->    }<!-- [et_pb_line_break_holder] --><!-- [et_pb_line_break_holder] -->    const language = getUserLanguage();<!-- [et_pb_line_break_holder] -->    setLanguage(language);<!-- [et_pb_line_break_holder] --><!-- [et_pb_line_break_holder] -->    function calculateReceivablesTurnover() {<!-- [et_pb_line_break_holder] -->        const creditSales = parseFloat(document.getElementById('creditSales').value);<!-- [et_pb_line_break_holder] -->        const averageReceivables = parseFloat(document.getElementById('averageReceivables').value);<!-- [et_pb_line_break_holder] --><!-- [et_pb_line_break_holder] -->        if (isNaN(creditSales) || isNaN(averageReceivables) || creditSales <= 0 || averageReceivables <= 0) {<!-- [et_pb_line_break_holder] -->            document.getElementById('result').innerText = translations[language].validValuesMessage;<!-- [et_pb_line_break_holder] -->            return;<!-- [et_pb_line_break_holder] -->        }<!-- [et_pb_line_break_holder] --><!-- [et_pb_line_break_holder] -->        const turnover = (creditSales \/ averageReceivables).toFixed(2);<!-- [et_pb_line_break_holder] --><!-- [et_pb_line_break_holder] -->        document.getElementById('result').innerHTML = `<!-- [et_pb_line_break_holder] -->            <strong>${translations[language].turnoverResult}<\/strong> ${turnover}<!-- [et_pb_line_break_holder] -->        `;<!-- [et_pb_line_break_holder] -->    }<!-- [et_pb_line_break_holder] --><\/script><!-- [et_pb_line_break_holder] -->[\/et_pb_code][et_pb_text admin_label=\u201dVOTE CODE\u201d _builder_version=\u201d4.27.4\u2033 _module_preset=\u201d88b21c46-bab4-4990-9def-73fb03a32482\u2033 text_orientation=\u201dcenter\u201d custom_margin=\u201d0px||0px||true|false\u201d custom_padding=\u201d0px||0px||true|false\u201d global_colors_info=\u201d{}\u201d]<\/p>\n<div class=\"et_social_networks et_social_autowidth et_social_slide et_social_circle et_social_top et_social_withcounts et_social_nospace et_social_mobile_on et_social_withnetworknames et_social_outer_dark\">\n\t\t\t\t\t\n\t\t\t\t\t\n\t\t\t\t\t<ul class=\"et_social_icons_container\"><li class=\"et_social_like\">\n\t\t\t\t\t\t<a href=\"#\" class=\"et_social_follow\" data-social_name=\"like\" data-social_type=\"like\" data-post_id=\"0\" target=\"_blank\">\n\t\t\t\t\t\t\t<i class=\"et_social_icon et_social_icon_like\"><\/i>\n\t\t\t\t\t\t\t<div class=\"et_social_network_label\"><div class=\"et_social_networkname\">Vote<\/div><div class=\"et_social_count\">\n\t\t\t\t\t\t<span>0<\/span>\n\t\t\t\t\t\t<span class=\"et_social_count_label\">Likes<\/span>\n\t\t\t\t\t<\/div><\/div>\n\t\t\t\t\t\t\t<span class=\"et_social_overlay\"><\/span>\n\t\t\t\t\t\t<\/a>\n\t\t\t\t\t<\/li><\/ul>\n\t\t\t\t<\/div>\n<p>[\/et_pb_text][\/et_pb_column][et_pb_column type=\u201d1_2\u2033 _builder_version=\u201d4.27.4\u2033 _module_preset=\u201ddefault\u201d global_colors_info=\u201d{}\u201d][et_pb_text admin_label=\u201dExplanation Calculator \u2013 Text\u201d _builder_version=\u201d4.27.4\u2033 _module_preset=\u201ddefault\u201d global_colors_info=\u201d{}\u201d]<\/p>\n<h2><b>\ud83d\udd50 Measure how quickly your company collects its debts<\/b><\/h2>\n<p><span style=\"font-weight: 400;\">With this tool, you can find out <\/span><b>How many times in a given period do you recover your accounts receivable?<\/b><span style=\"font-weight: 400;\">.<\/span><\/p>\n<p><span style=\"font-weight: 400;\">\u2705 <\/span><b>Easy and precise<\/b><span style=\"font-weight: 400;\"> \u2013 Just enter your details and get the result instantly.<\/span><span style=\"font-weight: 400;\"><br \/><\/span><span style=\"font-weight: 400;\"> \u2705 <\/span><b>Optimize your cash flow<\/b><span style=\"font-weight: 400;\"> \u2013 Identify if your collection cycle is efficient.<\/span><span style=\"font-weight: 400;\"><br \/><\/span><span style=\"font-weight: 400;\"> \u2705 <\/span><b>Avoid liquidity problems<\/b><span style=\"font-weight: 400;\"> \u2013 Detects potential payment delays.<\/span><\/p>\n<p><b>Use the calculator and get results in seconds.<\/b><\/p>\n<p>[\/et_pb_text][\/et_pb_column][\/et_pb_row][\/et_pb_section][et_pb_section fb_built=\u201d1\u2033 custom_padding_last_edited=\u201don|phone\u201d _builder_version=\u201d4.27.4\u2033 _module_preset=\u201ddefault\u201d custom_margin_tablet=\u201d\u201d custom_margin_phone=\u201d\u201d custom_margin_last_edited=\u201don|phone\u201d custom_padding=\u201d0px||||false|false\u201d custom_padding_tablet=\u201d22px||22px||true|false\u201d custom_padding_phone=\u201d22px||22px||true|false\u201d global_colors_info=\u201d{}\u201d][et_pb_row column_structure=\u201d1_2,1_2\u2033 _builder_version=\u201d4.27.4\u2033 _module_preset=\u201ddefault\u201d global_colors_info=\u201d{}\u201d][et_pb_column type=\u201d1_2\u2033 _builder_version=\u201d4.27.4\u2033 _module_preset=\u201ddefault\u201d global_colors_info=\u201d{}\u201d][et_pb_text admin_label=\u201dWhat is\u2026Text\u201d _builder_version=\u201d4.27.4\u2033 _module_preset=\u201ddefault\u201d global_colors_info=\u201d{}\u201d]<\/p>\n<h2><b>What is the Accounts Receivable Turnover Calculator?<\/b><\/h2>\n<p><span style=\"font-weight: 400;\">The <\/span><b>Accounts Receivable Turnover<\/b><span style=\"font-weight: 400;\"> Measures the efficiency with which a company collects its debts relative to credit sales. A high ratio indicates that the company collects quickly, while a low ratio may indicate liquidity problems.<\/span><\/p>\n<p><span style=\"font-weight: 400;\">\ud83d\udc49 <\/span><b>Improve your business&#039;s financial management with accurate data.<\/b><\/p>\n<p>[\/et_pb_text][\/et_pb_column][et_pb_column type=&#8221;1_2&#8243; _builder_version=&#8221;4.27.4&#8243; _module_preset=&#8221;default&#8221; global_colors_info=&#8221;{}&#8221;][et_pb_image src=&#8221;https:\/\/calculatorcch.com\/wp-content\/uploads\/2025\/03\/Calculadora-de-Rotacion-de-Cuentas-por-Cobrar.png&#8221; alt=&#8221;Calculadora de Rotaci\u00f3n de Cuentas por Cobrar&#8221; title_text=&#8221;Calculadora de Rotaci\u00f3n de Cuentas por Cobrar&#8221; align=&#8221;center&#8221; align_tablet=&#8221;center&#8221; align_phone=&#8221;center&#8221; align_last_edited=&#8221;on|desktop&#8221; _builder_version=&#8221;4.27.4&#8243; _module_preset=&#8221;default&#8221; custom_margin_tablet=&#8221;||30px||false|false&#8221; custom_margin_phone=&#8221;||30px||false|false&#8221; custom_margin_last_edited=&#8221;on|phone&#8221; global_colors_info=&#8221;{}&#8221;][\/et_pb_image][\/et_pb_column][\/et_pb_row][et_pb_row _builder_version=&#8221;4.27.4&#8243; _module_preset=&#8221;default&#8221; global_colors_info=&#8221;{}&#8221;][et_pb_column type=&#8221;4_4&#8243; _builder_version=&#8221;4.27.4&#8243; _module_preset=&#8221;default&#8221; global_colors_info=&#8221;{}&#8221;][et_pb_text _builder_version=&#8221;4.27.4&#8243; _module_preset=&#8221;default&#8221; hover_enabled=&#8221;0&#8243; global_colors_info=&#8221;{}&#8221; sticky_enabled=&#8221;0&#8243;]<\/p>\n<h2><b>Recommended books to improve collection management<\/b><\/h2>\n<p><b>Optimize your collection strategies with these key books.<\/b><\/p>\n<p><span style=\"font-weight: 400;\">\ud83d\udccc <\/span><b>1\ufe0f\u20e3 <\/b><a href=\"https:\/\/amzn.to\/4iReZIh\" rel=\"nofollow noopener\" target=\"_blank\"><b>Finance for Entrepreneurs \u2013 Antonio Manzanera<\/b><b><br \/><\/b><\/a><span style=\"font-weight: 400;\"> \ud83d\udcd6 Learn how to manage working capital and your accounts receivable efficiently.<\/span><\/p>\n<p><span style=\"font-weight: 400;\">\ud83d\udccc <\/span><b>2\ufe0f\u20e3 <\/b><a href=\"https:\/\/amzn.to\/4i8RZ7W\" rel=\"nofollow noopener\" target=\"_blank\"><b>The Lean CFO \u2013 Nicholas S. Katko<\/b><b><br \/><\/b><\/a><span style=\"font-weight: 400;\"> \ud83d\udcd6 Discover how to improve liquidity and optimize your company&#039;s financial processes.<\/span><\/p>\n<p><span style=\"font-weight: 400;\">\ud83d\udccc <\/span><b>3\ufe0f\u20e3 <\/b><a href=\"https:\/\/amzn.to\/4gLGemq\" rel=\"nofollow noopener\" target=\"_blank\"><b>The Intelligent Investor \u2013 Benjamin Graham<\/b><b><br \/><\/b><\/a><span style=\"font-weight: 400;\"> \ud83d\udcd6 A finance classic that will help you understand how to better manage your business assets.<\/span><\/p>\n<p><span style=\"font-weight: 400;\">\ud83d\udcca <\/span><b>Improve your financial strategy with practical knowledge.<\/b><\/p>\n<h2><b>How Does Our Accounts Receivable Turnover Calculator Work?<\/b><\/h2>\n<p><span style=\"font-weight: 400;\">Our tool follows a simple three-step process:<\/span><\/p>\n<p><b>1\ufe0f\u20e3 Data Entry<\/b><b><br \/><\/b><span style=\"font-weight: 400;\"> To calculate the <\/span><b>accounts receivable turnover<\/b><span style=\"font-weight: 400;\">, enter the following information:<\/span><\/p>\n<ul>\n<li style=\"font-weight: 400;\" aria-level=\"1\"><b>Credit sales<\/b><span style=\"font-weight: 400;\"> \ud83d\udcb0 \u2013 Total credit sales made during the period.<\/span><\/li>\n<li style=\"font-weight: 400;\" aria-level=\"1\"><b>Average accounts receivable<\/b><span style=\"font-weight: 400;\"> \u23f3 \u2013 Average accounts receivable in the period evaluated.<\/span><\/li>\n<\/ul>\n<p><b>2\ufe0f\u20e3 Automatic Calculation<\/b><b><br \/><\/b><span style=\"font-weight: 400;\"> The formula we use is:<\/span><span style=\"font-weight: 400;\"><br \/><\/span><span style=\"font-weight: 400;\"> \ud83d\udcd0 <\/span><b>Accounts Receivable Turnover = Credit Sales \/ Average Accounts Receivable<\/b><\/p>\n<p><span style=\"font-weight: 400;\">This calculation allows you to know <\/span><b>How many times in a given period do you recover your accounts receivable?<\/b><span style=\"font-weight: 400;\">.<\/span><\/p>\n<p><b>3\ufe0f\u20e3 Results and Recommendations<\/b><b><br \/><\/b><span style=\"font-weight: 400;\"> \ud83d\udd39 <\/span><b>If the result is high<\/b><span style=\"font-weight: 400;\"> \u2013 You have excellent collection management.<\/span><span style=\"font-weight: 400;\"><br \/><\/span><span style=\"font-weight: 400;\"> \ud83d\udd39 <\/span><b>If the result is low<\/b><span style=\"font-weight: 400;\"> \u2013 You may need to improve your collection strategy.<\/span><\/p>\n<p><span style=\"font-weight: 400;\">\ud83d\udce2 <\/span><b>Need to improve your collections? Discover how to optimize your payment cycle.<\/b><\/p>\n<h2><b>Why Use Our Accounts Receivable Turnover Calculator?<\/b><\/h2>\n<p><span style=\"font-weight: 400;\">\u2705 <\/span><b>Quick results<\/b><span style=\"font-weight: 400;\"> \u2013 Get accurate data in seconds.<\/span><span style=\"font-weight: 400;\"><br \/><\/span><span style=\"font-weight: 400;\"> \u2705 <\/span><b>Easy to use<\/b><span style=\"font-weight: 400;\"> \u2013 No need for manual calculations or Excel spreadsheets.<\/span><span style=\"font-weight: 400;\"><br \/><\/span><span style=\"font-weight: 400;\"> \u2705 <\/span><b>Optimize liquidity<\/b><span style=\"font-weight: 400;\"> \u2013 Improves collection management and avoids financial problems.<\/span><span style=\"font-weight: 400;\"><br \/><\/span><span style=\"font-weight: 400;\"> \u2705 <\/span><b>Ideal for companies and freelancers<\/b><span style=\"font-weight: 400;\"> \u2013 Essential for those who manage credit sales.<\/span><\/p>\n<p><span style=\"font-weight: 400;\">\ud83d\udcca <\/span><b>Make strategic decisions with concrete data.<\/b><\/p>\n<h2><b>Example Calculation with the Accounts Receivable Turnover Calculator<\/b><\/h2>\n<p><span style=\"font-weight: 400;\">Imagine that your company had <\/span><b>$200,000 in credit sales<\/b><span style=\"font-weight: 400;\"> in the last year and the average balance of your accounts receivable was <\/span><b>$50,000<\/b><span style=\"font-weight: 400;\">.<\/span><\/p>\n<p><span style=\"font-weight: 400;\">\ud83d\udcd0 We apply the formula:<\/span><span style=\"font-weight: 400;\"><br \/><\/span><span style=\"font-weight: 400;\"> \ud83d\udcca <\/span><b>Accounts Receivable Turnover = 200,000 \/ 50,000 = 4<\/b><\/p>\n<p><span style=\"font-weight: 400;\">This means that <\/span><b>You collect your accounts receivable on average 4 times a year<\/b><span style=\"font-weight: 400;\">, which indicates good collection management.<\/span><\/p>\n<p><span style=\"font-weight: 400;\">\ud83d\udce2 <\/span><b>Improve your company&#039;s liquidity by ensuring an efficient collection cycle.<\/b><\/p>\n<h2><b>Avoid These Common Mistakes When Using the Accounts Receivable Turnover Calculator<\/b><\/h2>\n<p><span style=\"font-weight: 400;\">\ud83d\udeab <\/span><b>Error 1<\/b><span style=\"font-weight: 400;\"> \u2013 Do not include all credit sales in the calculation.<\/span><span style=\"font-weight: 400;\"><br \/><\/span><span style=\"font-weight: 400;\"> \ud83d\udeab <\/span><b>Error 2<\/b><span style=\"font-weight: 400;\"> \u2013 Use data from different periods for accounts receivable and sales.<\/span><span style=\"font-weight: 400;\"><br \/><\/span><span style=\"font-weight: 400;\"> \ud83d\udeab <\/span><b>Error 3<\/b><span style=\"font-weight: 400;\"> \u2013 Not considering customers\u2019 payment terms.<\/span><\/p>\n<p><span style=\"font-weight: 400;\">\ud83d\udce2 <\/span><b>Optimize financial management and avoid errors that affect your liquidity.<\/b><\/p>\n<h2><b>Comparison: Accounts Receivable Turnover Calculator vs. Manual Methods<\/b><\/h2>\n<p><span style=\"font-weight: 400;\">Why use this tool instead of manual calculations?<\/span><\/p>\n<p><span style=\"font-weight: 400;\">\u2705 <\/span><b>Fast and accurate<\/b><span style=\"font-weight: 400;\"> \u2013 You get instant results with no room for error.<\/span><span style=\"font-weight: 400;\"><br \/><\/span><span style=\"font-weight: 400;\"> \u2705 <\/span><b>Automatic and reliable<\/b><span style=\"font-weight: 400;\"> \u2013 Based on proven financial formulas.<\/span><span style=\"font-weight: 400;\"><br \/><\/span><span style=\"font-weight: 400;\"> \u2705 <\/span><b>Improves decision making<\/b><span style=\"font-weight: 400;\"> \u2013 Detect collection problems and optimize liquidity.<\/span><\/p>\n<p><span style=\"font-weight: 400;\">\ud83d\udce2 <\/span><b>Use the best tool to optimize your business.<\/b><\/p>\n<h2><b>This is only for entrepreneurs, business owners and freelancers.<\/b><\/h2>\n<p><span style=\"font-weight: 400;\">\ud83d\ude80 If you need to launch your website, SaaS or online store, visit<\/span><a href=\"https:\/\/nippylaunch.com\/\" rel=\"nofollow noopener\" target=\"_blank\"> <span style=\"font-weight: 400;\">NippyLaunch.com<\/span><\/a><span style=\"font-weight: 400;\">.<\/span><span style=\"font-weight: 400;\"><br \/><\/span><span style=\"font-weight: 400;\"> \ud83d\udcc8 If you need to do digital advertising and marketing for your company, visit<\/span><a href=\"https:\/\/cleefcompany.com\/\" rel=\"nofollow noopener\" target=\"_blank\"> <span style=\"font-weight: 400;\">CleefCompany.com<\/span><\/a><span style=\"font-weight: 400;\">.<\/span><\/p>\n<p><span style=\"font-weight: 400;\">\ud83d\udd39 <\/span><b>Take advantage of the best tools to grow your business profitably.<\/b><\/p>\n<h2><b>Frequently Asked Questions about the Accounts Receivable Turnover Calculator<\/b><\/h2>\n<p><b>1\ufe0f\u20e3 How to calculate Accounts Receivable Turnover?<\/b><b><br \/><\/b><span style=\"font-weight: 400;\"> To calculate rotation, use the formula: <\/span><b>Credit Sales \/ Average Accounts Receivable<\/b><span style=\"font-weight: 400;\">Our calculator does it automatically for you.<\/span><\/p>\n<p><b>2\ufe0f\u20e3 What is the Accounts Receivable Turnover Calculator for?<\/b><b><br \/><\/b><span style=\"font-weight: 400;\"> It helps you measure your company&#039;s collection efficiency and detect potential liquidity problems.<\/span><\/p>\n<p><b>3\ufe0f\u20e3 What is a good Accounts Receivable Turnover ratio?<\/b><b><br \/><\/b><span style=\"font-weight: 400;\"> It depends on the industry, but <\/span><b>a high turnover<\/b><span style=\"font-weight: 400;\"> indicates efficient collection.<\/span><\/p>\n<p><b>4\ufe0f\u20e3 How can I improve my Accounts Receivable Turnover ratio?<\/b><b><br \/><\/b><span style=\"font-weight: 400;\"> It offers discounts for early payment, reduces credit terms, and follows a structured collection system.<\/span><\/p>\n<p><b>5\ufe0f\u20e3 What does a low Accounts Receivable Turnover ratio mean?<\/b><b><br \/><\/b><span style=\"font-weight: 400;\"> You can indicate <\/span><b>problems in collection<\/b><span style=\"font-weight: 400;\">, which affects the company&#039;s liquidity.<\/span><\/p>\n<p><b>6\ufe0f\u20e3 Why is accounts receivable turnover important?<\/b><b><br \/><\/b><span style=\"font-weight: 400;\"> Because it directly affects the <\/span><b>payment capacity<\/b><span style=\"font-weight: 400;\"> and <\/span><b>cash flow<\/b><span style=\"font-weight: 400;\"> of a company.<\/span><\/p>\n<p><span style=\"font-weight: 400;\">\ud83d\udce2 <\/span><b>Ensure the financial stability of your business with our tool.<\/b><\/p>\n<p>[\/et_pb_text][\/et_pb_column][\/et_pb_row][\/et_pb_section]<\/p>","protected":false},"excerpt":{"rendered":"<p>La Rotaci\u00f3n de Cuentas por Cobrar mide la eficiencia con la que una empresa cobra sus deudas en un per\u00edodo determinado. Con nuestra calculadora, puedes optimizar la gesti\u00f3n de cobros y mejorar tu liquidez en segundos.<br \/>\n\ud83d\udcca \u00bfTu empresa cobra lo suficientemente r\u00e1pido? Desc\u00fabrelo ahora y toma mejores decisiones financieras.<\/p>","protected":false},"author":5,"featured_media":2041,"parent":2062,"menu_order":2,"comment_status":"closed","ping_status":"closed","template":"","meta":{"_et_pb_use_builder":"on","_et_pb_old_content":"","_et_gb_content_width":"","_monsterinsights_skip_tracking":false,"_monsterinsights_sitenote_active":false,"_monsterinsights_sitenote_note":"","_monsterinsights_sitenote_category":0,"footnotes":""},"class_list":["post-2136","page","type-page","status-publish","has-post-thumbnail","hentry"],"_links":{"self":[{"href":"https:\/\/calculatorcch.com\/en\/wp-json\/wp\/v2\/pages\/2136","targetHints":{"allow":["GET"]}}],"collection":[{"href":"https:\/\/calculatorcch.com\/en\/wp-json\/wp\/v2\/pages"}],"about":[{"href":"https:\/\/calculatorcch.com\/en\/wp-json\/wp\/v2\/types\/page"}],"author":[{"embeddable":true,"href":"https:\/\/calculatorcch.com\/en\/wp-json\/wp\/v2\/users\/5"}],"replies":[{"embeddable":true,"href":"https:\/\/calculatorcch.com\/en\/wp-json\/wp\/v2\/comments?post=2136"}],"version-history":[{"count":2,"href":"https:\/\/calculatorcch.com\/en\/wp-json\/wp\/v2\/pages\/2136\/revisions"}],"predecessor-version":[{"id":2139,"href":"https:\/\/calculatorcch.com\/en\/wp-json\/wp\/v2\/pages\/2136\/revisions\/2139"}],"up":[{"embeddable":true,"href":"https:\/\/calculatorcch.com\/en\/wp-json\/wp\/v2\/pages\/2062"}],"wp:featuredmedia":[{"embeddable":true,"href":"https:\/\/calculatorcch.com\/en\/wp-json\/wp\/v2\/media\/2041"}],"wp:attachment":[{"href":"https:\/\/calculatorcch.com\/en\/wp-json\/wp\/v2\/media?parent=2136"}],"curies":[{"name":"wp","href":"https:\/\/api.w.org\/{rel}","templated":true}]}}