{"id":2981,"date":"2025-04-07T14:50:29","date_gmt":"2025-04-07T18:50:29","guid":{"rendered":"https:\/\/calculatorcch.com\/?page_id=2981"},"modified":"2025-04-09T02:15:15","modified_gmt":"2025-04-09T06:15:15","slug":"pythagorean-theorem-calculator","status":"publish","type":"page","link":"https:\/\/calculatorcch.com\/en\/math-calculators\/pythagorean-theorem-calculator\/","title":{"rendered":"Pythagorean Theorem Calculator"},"content":{"rendered":"[et_pb_section fb_built=\u201d1\u2033 custom_padding_last_edited=\u201don|desktop\u201d _builder_version=\u201d4.27.4\u2033 _module_preset=\u201ddefault\u201d background_color=\u201drgba(214,214,214,0.2)\u201d custom_margin_tablet=\u201d\u201d custom_margin_phone=\u201d\u201d custom_margin_last_edited=\u201don|phone\u201d custom_padding=\u201d0px||0px||false|false\u201d custom_padding_tablet=\u201d22px||22px||true|false\u201d custom_padding_phone=\u201d22px||22px||true|false\u201d global_colors_info=\u201d{}\u201d][et_pb_row _builder_version=\u201d4.27.4\u2033 _module_preset=\u201ddefault\u201d global_colors_info=\u201d{}\u201d][et_pb_column type=\u201d4_4\u2033 _builder_version=\u201d4.27.4\u2033 _module_preset=\u201ddefault\u201d global_colors_info=\u201d{}\u201d][et_pb_text _builder_version=\u201d4.27.4\u2033 _module_preset=\u201ddefault\u201d global_colors_info=\u201d{}\u201d]<h1><b>Pythagorean Theorem Calculator \u2013 Solve Right Triangles Easily<\/b><\/h1>[\/et_pb_text][et_pb_code _builder_version=\u201d4.27.4\u2033 _module_preset=\u201ddefault\u201d custom_margin=\u201d||0px||false|false\u201d custom_margin_tablet=\u201d||0px||false|false\u201d custom_margin_phone=\u201d||0px||false|false\u201d custom_margin_last_edited=\u201don|desktop\u201d custom_padding=\u201d||||false|false\u201d global_colors_info=\u201d{}\u201d]<div class=\"roi-calculator-container\"><!-- [et_pb_line_break_holder] -->  <div class=\"form-group\"><!-- [et_pb_line_break_holder] -->    <label id=\"expressionLabel\" for=\"sideA\">Enter the two known sides:<\/label><!-- [et_pb_line_break_holder] -->    <input type=\"number\" id=\"sideA\" placeholder=\"Side A\"><!-- [et_pb_line_break_holder] -->  <\/div><!-- [et_pb_line_break_holder] -->  <div class=\"form-group\"><!-- [et_pb_line_break_holder] -->    <input type=\"number\" id=\"sideB\" placeholder=\"Side B\"><!-- [et_pb_line_break_holder] -->  <\/div><!-- [et_pb_line_break_holder] -->  <button id=\"calculateButton\" onclick=\"calculatePythagoras()\">Calculate Result<\/button><!-- [et_pb_line_break_holder] -->  <div class=\"result\" id=\"result\" style=\"margin-top: 20px;\"><\/div><!-- [et_pb_line_break_holder] --><\/div><!-- [et_pb_line_break_holder] --><!-- [et_pb_line_break_holder] --><style><!-- [et_pb_line_break_holder] -->  .roi-calculator-container {<!-- [et_pb_line_break_holder] -->    background: white;<!-- [et_pb_line_break_holder] -->    padding: 20px;<!-- [et_pb_line_break_holder] -->    border-radius: 8px;<!-- [et_pb_line_break_holder] -->    max-width: 600px;<!-- [et_pb_line_break_holder] -->    margin: 0 auto;<!-- [et_pb_line_break_holder] -->  }<!-- [et_pb_line_break_holder] --><!-- [et_pb_line_break_holder] -->  .roi-calculator-container .form-group {<!-- [et_pb_line_break_holder] -->    margin-bottom: 15px;<!-- [et_pb_line_break_holder] -->  }<!-- [et_pb_line_break_holder] --><!-- [et_pb_line_break_holder] -->  .roi-calculator-container label {<!-- [et_pb_line_break_holder] -->    display: block;<!-- [et_pb_line_break_holder] -->    margin-bottom: 5px;<!-- [et_pb_line_break_holder] -->    font-family: Arial, sans-serif;<!-- [et_pb_line_break_holder] -->    color: #000000;<!-- [et_pb_line_break_holder] -->  }<!-- [et_pb_line_break_holder] --><!-- [et_pb_line_break_holder] -->  .roi-calculator-container input[type=number] {<!-- [et_pb_line_break_holder] -->    width: 100%;<!-- [et_pb_line_break_holder] -->    padding: 8px;<!-- [et_pb_line_break_holder] -->    box-sizing: border-box;<!-- [et_pb_line_break_holder] -->    border: 1px solid #0970C4;<!-- [et_pb_line_break_holder] -->    border-radius: 4px;<!-- [et_pb_line_break_holder] -->    font-family: Arial, sans-serif;<!-- [et_pb_line_break_holder] -->    color: #000000;<!-- [et_pb_line_break_holder] -->  }<!-- [et_pb_line_break_holder] --><!-- [et_pb_line_break_holder] -->  .roi-calculator-container .result {<!-- [et_pb_line_break_holder] -->    font-family: Arial, sans-serif;<!-- [et_pb_line_break_holder] -->    color: #000000;<!-- [et_pb_line_break_holder] -->    padding: 15px;<!-- [et_pb_line_break_holder] -->  }<!-- [et_pb_line_break_holder] --><!-- [et_pb_line_break_holder] -->  @media (min-width: 981px) {<!-- [et_pb_line_break_holder] -->    .roi-calculator-container label,<!-- [et_pb_line_break_holder] -->    .roi-calculator-container input[type=number],<!-- [et_pb_line_break_holder] -->    .roi-calculator-container .result {<!-- [et_pb_line_break_holder] -->      font-size: 20px;<!-- [et_pb_line_break_holder] -->    }<!-- [et_pb_line_break_holder] --><!-- [et_pb_line_break_holder] -->    .roi-calculator-container button {<!-- [et_pb_line_break_holder] -->      font-size: 20px;<!-- [et_pb_line_break_holder] -->      text-align: center;<!-- [et_pb_line_break_holder] -->      display: block;<!-- [et_pb_line_break_holder] -->      margin: 0 auto;<!-- [et_pb_line_break_holder] -->    }<!-- [et_pb_line_break_holder] -->  }<!-- [et_pb_line_break_holder] --><!-- [et_pb_line_break_holder] -->  @media (max-width: 980px) and (min-width: 768px) {<!-- [et_pb_line_break_holder] -->    .roi-calculator-container label,<!-- [et_pb_line_break_holder] -->    .roi-calculator-container input[type=number],<!-- [et_pb_line_break_holder] -->    .roi-calculator-container .result {<!-- [et_pb_line_break_holder] -->      font-size: 17px;<!-- [et_pb_line_break_holder] -->    }<!-- [et_pb_line_break_holder] --><!-- [et_pb_line_break_holder] -->    .roi-calculator-container button {<!-- [et_pb_line_break_holder] -->      font-size: 20px;<!-- [et_pb_line_break_holder] -->      text-align: center;<!-- [et_pb_line_break_holder] -->      display: block;<!-- [et_pb_line_break_holder] -->      margin: 0 auto;<!-- [et_pb_line_break_holder] -->    }<!-- [et_pb_line_break_holder] -->  }<!-- [et_pb_line_break_holder] --><!-- [et_pb_line_break_holder] -->  @media (max-width: 767px) {<!-- [et_pb_line_break_holder] -->    .roi-calculator-container label,<!-- [et_pb_line_break_holder] -->    .roi-calculator-container input[type=number],<!-- [et_pb_line_break_holder] -->    .roi-calculator-container .result {<!-- [et_pb_line_break_holder] -->      font-size: 16px;<!-- [et_pb_line_break_holder] -->    }<!-- [et_pb_line_break_holder] --><!-- [et_pb_line_break_holder] -->    .roi-calculator-container button {<!-- [et_pb_line_break_holder] -->      font-size: 20px;<!-- [et_pb_line_break_holder] -->      text-align: center;<!-- [et_pb_line_break_holder] -->      display: block;<!-- [et_pb_line_break_holder] -->      margin: 0 auto;<!-- [et_pb_line_break_holder] -->    }<!-- [et_pb_line_break_holder] -->  }<!-- [et_pb_line_break_holder] --><!-- [et_pb_line_break_holder] -->  .roi-calculator-container button {<!-- [et_pb_line_break_holder] -->    padding: 10px 20px;<!-- [et_pb_line_break_holder] -->    background-color: #C35D09;<!-- [et_pb_line_break_holder] -->    color: white;<!-- [et_pb_line_break_holder] -->    border: none;<!-- [et_pb_line_break_holder] -->    border-radius: 4px;<!-- [et_pb_line_break_holder] -->    cursor: pointer;<!-- [et_pb_line_break_holder] -->  }<!-- [et_pb_line_break_holder] --><!-- [et_pb_line_break_holder] -->  .roi-calculator-container button:hover {<!-- [et_pb_line_break_holder] -->    background-color: #b35408;<!-- [et_pb_line_break_holder] -->  }<!-- [et_pb_line_break_holder] --><\/style><!-- [et_pb_line_break_holder] --><!-- [et_pb_line_break_holder] --><script><!-- [et_pb_line_break_holder] -->  const translations = {<!-- [et_pb_line_break_holder] -->    es: {<!-- [et_pb_line_break_holder] -->      expressionLabel: 'Ingresa los dos lados conocidos:',<!-- [et_pb_line_break_holder] -->      calculateButton: 'Calcular Resultado',<!-- [et_pb_line_break_holder] -->      resultLabel: 'La hipotenusa es:',<!-- [et_pb_line_break_holder] -->      error: 'Por favor ingresa dos valores num\u00e9ricos v\u00e1lidos.',<!-- [et_pb_line_break_holder] -->    },<!-- [et_pb_line_break_holder] -->    en: {<!-- [et_pb_line_break_holder] -->      expressionLabel: 'Enter the two known sides:',<!-- [et_pb_line_break_holder] -->      calculateButton: 'Calculate Result',<!-- [et_pb_line_break_holder] -->      resultLabel: 'The hypotenuse is:',<!-- [et_pb_line_break_holder] -->      error: 'Please enter two valid numerical values.',<!-- [et_pb_line_break_holder] -->    },<!-- [et_pb_line_break_holder] -->    fr: {<!-- [et_pb_line_break_holder] -->      expressionLabel: 'Entrez les deux c\u00f4t\u00e9s connus :',<!-- [et_pb_line_break_holder] -->      calculateButton: 'Calculer le r\u00e9sultat',<!-- [et_pb_line_break_holder] -->      resultLabel: 'L\\'hypot\u00e9nuse est :',<!-- [et_pb_line_break_holder] -->      error: 'Veuillez entrer deux valeurs num\u00e9riques valides.',<!-- [et_pb_line_break_holder] -->    },<!-- [et_pb_line_break_holder] -->    pt: {<!-- [et_pb_line_break_holder] -->      expressionLabel: 'Digite os dois lados conhecidos:',<!-- [et_pb_line_break_holder] -->      calculateButton: 'Calcular Resultado',<!-- [et_pb_line_break_holder] -->      resultLabel: 'A hipotenusa \u00e9:',<!-- [et_pb_line_break_holder] -->      error: 'Por favor, insira dois valores num\u00e9ricos v\u00e1lidos.',<!-- [et_pb_line_break_holder] -->    }<!-- [et_pb_line_break_holder] -->  };<!-- [et_pb_line_break_holder] --><!-- [et_pb_line_break_holder] -->  function setLanguage(language) {<!-- [et_pb_line_break_holder] -->    document.getElementById('expressionLabel').innerText = translations[language].expressionLabel;<!-- [et_pb_line_break_holder] -->    document.getElementById('calculateButton').innerText = translations[language].calculateButton;<!-- [et_pb_line_break_holder] -->  }<!-- [et_pb_line_break_holder] --><!-- [et_pb_line_break_holder] -->  function getUserLanguage() {<!-- [et_pb_line_break_holder] -->    const userLang = navigator.language || navigator.userLanguage;<!-- [et_pb_line_break_holder] -->    const language = userLang.split('-')[0];<!-- [et_pb_line_break_holder] -->    return translations[language] ? language : 'en';<!-- [et_pb_line_break_holder] -->  }<!-- [et_pb_line_break_holder] --><!-- [et_pb_line_break_holder] -->  const language = getUserLanguage();<!-- [et_pb_line_break_holder] -->  setLanguage(language);<!-- [et_pb_line_break_holder] --><!-- [et_pb_line_break_holder] -->  function calculatePythagoras() {<!-- [et_pb_line_break_holder] -->    const a = parseFloat(document.getElementById('sideA').value);<!-- [et_pb_line_break_holder] -->    const b = parseFloat(document.getElementById('sideB').value);<!-- [et_pb_line_break_holder] -->    const resultDiv = document.getElementById('result');<!-- [et_pb_line_break_holder] --><!-- [et_pb_line_break_holder] -->    if (isNaN(a) || isNaN(b) || a <= 0 || b <= 0) {<!-- [et_pb_line_break_holder] -->      resultDiv.innerText = translations[language].error;<!-- [et_pb_line_break_holder] -->      return;<!-- [et_pb_line_break_holder] -->    }<!-- [et_pb_line_break_holder] --><!-- [et_pb_line_break_holder] -->    const hypotenuse = Math.sqrt(Math.pow(a, 2) + Math.pow(b, 2));<!-- [et_pb_line_break_holder] -->    resultDiv.innerHTML = `<strong>${translations[language].resultLabel}<\/strong> ${hypotenuse.toFixed(4)}`;<!-- [et_pb_line_break_holder] -->  }<!-- [et_pb_line_break_holder] --><\/script><!-- [et_pb_line_break_holder] -->[\/et_pb_code][et_pb_text admin_label=\u201dVOTE CODE\u201d _builder_version=\u201d4.27.4\u2033 _module_preset=\u201d88b21c46-bab4-4990-9def-73fb03a32482\u2033 text_orientation=\u201dcenter\u201d custom_margin=\u201d0px||0px||true|false\u201d custom_padding=\u201d0px||0px|507px|true|false\u201d custom_padding_tablet=\u201d|||274px|true|false\u201d custom_padding_phone=\u201d|||131px|true|false\u201d custom_padding_last_edited=\u201don|desktop\u201d global_colors_info=\u201d{}\u201d]<div class=\"et_social_networks et_social_autowidth et_social_slide et_social_circle et_social_top et_social_withcounts et_social_nospace et_social_mobile_on et_social_withnetworknames et_social_outer_dark\">\n\t\t\t\t\t\n\t\t\t\t\t\n\t\t\t\t\t<ul class=\"et_social_icons_container\"><li class=\"et_social_like\">\n\t\t\t\t\t\t<a href=\"#\" class=\"et_social_follow\" data-social_name=\"like\" data-social_type=\"like\" data-post_id=\"0\" target=\"_blank\">\n\t\t\t\t\t\t\t<i class=\"et_social_icon et_social_icon_like\"><\/i>\n\t\t\t\t\t\t\t<div class=\"et_social_network_label\"><div class=\"et_social_networkname\">Vote<\/div><div class=\"et_social_count\">\n\t\t\t\t\t\t<span>0<\/span>\n\t\t\t\t\t\t<span class=\"et_social_count_label\">Likes<\/span>\n\t\t\t\t\t<\/div><\/div>\n\t\t\t\t\t\t\t<span class=\"et_social_overlay\"><\/span>\n\t\t\t\t\t\t<\/a>\n\t\t\t\t\t<\/li><\/ul>\n\t\t\t\t<\/div>[\/et_pb_text][\/et_pb_column][\/et_pb_row][\/et_pb_section][et_pb_section fb_built=\u201d1\u2033 custom_padding_last_edited=\u201don|phone\u201d _builder_version=\u201d4.27.4\u2033 _module_preset=\u201ddefault\u201d custom_margin_tablet=\u201d\u201d custom_margin_phone=\u201d\u201d custom_margin_last_edited=\u201don|phone\u201d custom_padding=\u201d0px||||false|false\u201d custom_padding_tablet=\u201d22px||22px||true|false\u201d custom_padding_phone=\u201d22px||22px||true|false\u201d global_colors_info=\u201d{}\u201d][et_pb_row _builder_version=\u201d4.27.4\u2033 _module_preset=\u201ddefault\u201d global_colors_info=\u201d{}\u201d][et_pb_column type=\u201d4_4\u2033 _builder_version=\u201d4.27.4\u2033 _module_preset=\u201ddefault\u201d global_colors_info=\u201d{}\u201d][et_pb_text _builder_version=\u201d4.27.4\u2033 _module_preset=\u201ddefault\u201d hover_enabled=\u201d0\u2033 global_colors_info=\u201d{}\u201d sticky_enabled=\u201d0\u2033]<p><span style=\"font-weight: 400;\">With this tool, you can find the length of the hypotenuse or a leg based on the other two sides of the right triangle.<\/span><span style=\"font-weight: 400;\"><br \/><\/span><span style=\"font-weight: 400;\"> \u2705 Fast and accurate \u2013 Just enter your details and get the result instantly.<\/span><span style=\"font-weight: 400;\"><br \/><\/span><span style=\"font-weight: 400;\"> \u2705 Avoid errors \u2013 Automatic calculation without the need for Excel sheets.<\/span><span style=\"font-weight: 400;\"><br \/><\/span><span style=\"font-weight: 400;\"> \u2705 Optimize your strategy \u2013 Identify exact measures with one click.<\/span><span style=\"font-weight: 400;\"><br \/><\/span><span style=\"font-weight: 400;\"> Use our calculator now and get results in seconds.<\/span><\/p>\n<h2><b>Example of Calculation with the Pythagorean Theorem Calculator<\/b><\/h2>\n<p><span style=\"font-weight: 400;\">Imagine you are designing a ramp with the following data:<\/span><span style=\"font-weight: 400;\"><br \/><\/span><span style=\"font-weight: 400;\"> Side a: 3 meters<\/span><span style=\"font-weight: 400;\"><br \/><\/span><span style=\"font-weight: 400;\"> Side b: 4 meters<\/span><span style=\"font-weight: 400;\"><br \/><\/span><span style=\"font-weight: 400;\"> Side c (hypotenuse): ?<\/span><span style=\"font-weight: 400;\"><br \/><\/span><span style=\"font-weight: 400;\"> \ud83d\udcd0 Formula applied: c = \u221a(a\u00b2 + b\u00b2) = \u221a(3\u00b2 + 4\u00b2) = \u221a(9 + 16) = \u221a25<\/span><span style=\"font-weight: 400;\"><br \/><\/span><span style=\"font-weight: 400;\"> \ud83d\udcca Result: c = 5 meters<\/span><span style=\"font-weight: 400;\"><br \/><\/span><span style=\"font-weight: 400;\"> This means you need a 5 meter ramp to connect those two points.<\/span><span style=\"font-weight: 400;\"><br \/><\/span><span style=\"font-weight: 400;\"> \ud83d\udce2 Optimize your projects with our calculator.<\/span><\/p>\n<h2><b>How Does Our Pythagorean Theorem Calculator Work?<\/b><\/h2>\n<p><span style=\"font-weight: 400;\">Our calculator follows a simple three-step process:<\/span><\/p>\n<h3><b>1\ufe0f\u20e3 Data Entry<\/b><\/h3>\n<p><span style=\"font-weight: 400;\">To calculate the hypotenuse or a leg, enter two of the three sides:<\/span><span style=\"font-weight: 400;\"><br \/><\/span><span style=\"font-weight: 400;\"> Side a \ud83e\uddf1 Length of one leg.<\/span><span style=\"font-weight: 400;\"><br \/><\/span><span style=\"font-weight: 400;\"> Side b \ud83e\uddf1 Length of the other leg or the hypotenuse.<\/span><span style=\"font-weight: 400;\"><br \/><\/span><span style=\"font-weight: 400;\"> Side c \ud83d\udcd0 Length to calculate.<\/span><\/p>\n<p><b>Why is it important?<\/b><b><br \/><\/b><span style=\"font-weight: 400;\"> Knowing the precise dimensions of a right triangle allows you to build, design, or plan efficiently and accurately.<\/span><\/p>\n<h3><b>2\ufe0f\u20e3 Automatic Calculation<\/b><\/h3>\n<p><span style=\"font-weight: 400;\">\ud83d\udcd0 Formula used:<\/span><span style=\"font-weight: 400;\"><br \/><\/span><span style=\"font-weight: 400;\"> c\u00b2 = a\u00b2 + b\u00b2 \u2192 c = \u221a(a\u00b2 + b\u00b2)<\/span><\/p>\n<p><span style=\"font-weight: 400;\">The result will give you the exact value of the unknown side of the triangle.<\/span><\/p>\n<h3><b>3\ufe0f\u20e3 Results and Recommendations<\/b><\/h3>\n<p><span style=\"font-weight: 400;\">\ud83d\udd39 If you get the hypotenuse, make sure the result is greater than the legs.<\/span><span style=\"font-weight: 400;\"><br \/><\/span><span style=\"font-weight: 400;\"> \ud83d\udd39 If you get a leg, confirm that the value does not exceed the hypotenuse.<\/span><\/p>\n<p><span style=\"font-weight: 400;\">\ud83d\udce2 Want to improve your calculations and time? Try our free tools and take your productivity to the next level.<\/span><\/p>\n<h2><b>This is only for entrepreneurs, business owners and freelancers<\/b><\/h2>\n<p><span style=\"font-weight: 400;\">Make your construction, architecture, or design projects more professional.<\/span><span style=\"font-weight: 400;\"><br \/><\/span><span style=\"font-weight: 400;\"> \ud83d\ude80 Want to launch your website, SaaS, or online store? Visit<\/span><a href=\"https:\/\/nippylaunch.com\/\" rel=\"nofollow noopener\" target=\"_blank\"> <span style=\"font-weight: 400;\">NippyLaunch.com<\/span><span style=\"font-weight: 400;\"><br \/><\/span><\/a><span style=\"font-weight: 400;\"> \ud83d\udcc8 Do you need digital advertising and marketing for your business? Visit<\/span><a href=\"https:\/\/cleefcompany.com\/\" rel=\"nofollow noopener\" target=\"_blank\"> <span style=\"font-weight: 400;\">CleefCompany.com<\/span><\/a><\/p>\n<h2><b>What is the Pythagorean Theorem Calculator?<\/b><\/h2>\n<p><span style=\"font-weight: 400;\">It is a tool that allows you to calculate the hypotenuse or one leg of a right triangle based on the other two sides.<\/span><span style=\"font-weight: 400;\"><br \/><\/span><span style=\"font-weight: 400;\"> Ideal for students, engineers, architects, carpenters, and anyone who needs to apply geometry quickly and without errors.<\/span><span style=\"font-weight: 400;\"><br \/><\/span><span style=\"font-weight: 400;\"> \ud83d\udc49 Increase your accuracy by making decisions based on accurate data.<\/span><\/p>\n<h2><b>Improve your understanding with these books on geometry<\/b><\/h2>\n<p><span style=\"font-weight: 400;\">Learn the fundamentals of geometry and learn how to apply them in the real world. These books offer clarity, practicality, and mathematical logic.<\/span><\/p>\n<p><span style=\"font-weight: 400;\">1\ufe0f\u20e3 <\/span><b>Geometry for Dummies \u2013 Mark Ryan<\/b><b><br \/><\/b><span style=\"font-weight: 400;\"> Explains basic concepts with simple examples and practical exercises.<\/span><span style=\"font-weight: 400;\"><br \/><\/span><span style=\"font-weight: 400;\"> 2\ufe0f\u20e3 <\/span><b>Trigonometry \u2013 IM Gelfand<\/b><b><br \/><\/b><span style=\"font-weight: 400;\"> Learn with a focus on logic and real-world problem solving.<\/span><span style=\"font-weight: 400;\"><br \/><\/span><span style=\"font-weight: 400;\"> 3\ufe0f\u20e3 <\/span><b>How to Solve Math Problems \u2013 George Polya<\/b><b><br \/><\/b><span style=\"font-weight: 400;\"> Develop logical and strategic thinking to apply to any mathematical formula.<\/span><\/p>\n<h2><b>Why Use Our Pythagorean Theorem Calculator?<\/b><\/h2>\n<p><span style=\"font-weight: 400;\">\u2705 Speed \u2013 Get results in seconds without manual calculations.<\/span><span style=\"font-weight: 400;\"><br \/><\/span><span style=\"font-weight: 400;\"> \u2705 Precision \u2013 Exact formulas with no margin for error.<\/span><span style=\"font-weight: 400;\"><br \/><\/span><span style=\"font-weight: 400;\"> \u2705 Ease \u2013 Just enter your details and get your results instantly.<\/span><span style=\"font-weight: 400;\"><br \/><\/span><span style=\"font-weight: 400;\"> \u2705 Practical Application \u2013 Useful for students, engineers, designers, builders, and more.<\/span><\/p>\n<h2><b>Avoid These Common Mistakes When Using the Pythagorean Theorem Calculator<\/b><\/h2>\n<p><span style=\"font-weight: 400;\">\ud83d\udeab Enter a negative value \u2013 All sides must be positive.<\/span><span style=\"font-weight: 400;\"><br \/><\/span><span style=\"font-weight: 400;\"> \ud83d\udeab Using sides that do not form a right triangle \u2013 Only applies to triangles with a 90\u00b0 angle.<\/span><span style=\"font-weight: 400;\"><br \/><\/span><span style=\"font-weight: 400;\"> \ud83d\udeab Calculate a leg greater than the hypotenuse \u2013 The leg must never exceed the hypotenuse.<\/span><\/p>\n<p><span style=\"font-weight: 400;\">Use our calculator and avoid mistakes that can affect your results.<\/span><\/p>\n<h2><b>Comparison: Pythagorean Theorem Calculator vs. Traditional Methods<\/b><\/h2>\n<p><span style=\"font-weight: 400;\">\u2705 Fast and accurate \u2013 Get instant results without manual calculations.<\/span><span style=\"font-weight: 400;\"><br \/><\/span><span style=\"font-weight: 400;\"> \u2705 Avoid human error \u2013 Based on exact formulas and real data.<\/span><span style=\"font-weight: 400;\"><br \/><\/span><span style=\"font-weight: 400;\"> \u2705 Easy to use \u2013 Just enter the data and get the result automatically.<\/span><span style=\"font-weight: 400;\"><br \/><\/span><span style=\"font-weight: 400;\"> \u2705 Accessible and free \u2013 Available online without the need for additional software.<\/span><\/p>\n<p><span style=\"font-weight: 400;\">Use the best tool to optimize your academic or professional work.<\/span><\/p>\n<h2><b>Frequently Asked Questions about the Pythagorean Theorem Calculator<\/b><\/h2>\n<p><b>How to calculate the hypotenuse easily?<\/b><b><br \/><\/b><span style=\"font-weight: 400;\"> Enter both legs into our tool and get the hypotenuse instantly.<\/span><\/p>\n<p><b>What is needed to apply the Pythagorean Theorem?<\/b><b><br \/><\/b><span style=\"font-weight: 400;\"> Know at least two sides of a right triangle and that one of its angles is 90\u00b0.<\/span><\/p>\n<p><b>What is the Pythagorean Theorem Calculator used for?<\/b><b><br \/><\/b><span style=\"font-weight: 400;\"> It is used to quickly obtain the value of the hypotenuse or a leg, useful in multiple technical fields.<\/span><\/p>\n<p><b>What is the formula used in the calculator?<\/b><b><br \/><\/b><span style=\"font-weight: 400;\"> \ud83d\udcd0 Formula: c\u00b2 = a\u00b2 + b\u00b2 \u2192 c = \u221a(a\u00b2 + b\u00b2)<\/span><\/p>\n<p><b>What type of triangle does the Pythagorean Theorem use?<\/b><b><br \/><\/b><span style=\"font-weight: 400;\"> It applies exclusively to right triangles (one right angle).<\/span><\/p>\n<p><b>What do I do if I have the hypotenuse and one leg?<\/b><b><br \/><\/b><span style=\"font-weight: 400;\"> Our calculator can also clear the other leg using the formula: a = \u221a(c\u00b2 \u2013 b\u00b2).<\/span><\/p>\n<p><b>Can I use decimals in the values?<\/b><b><br \/><\/b><span style=\"font-weight: 400;\"> Yes, you can use both whole numbers and decimals without any problem.<\/span><\/p>\n<p><b>Can I apply this in architecture or engineering?<\/b><b><br \/><\/b><span style=\"font-weight: 400;\"> Absolutely. It&#039;s ideal for plans, structures, constructions, or measurement analysis.<\/span><\/p>\n<p><b>Is the tool free?<\/b><b><br \/><\/b><span style=\"font-weight: 400;\"> Yes, our calculator is available online at no cost and without registration.<\/span><\/p>\n<p><b>Is it better to use a calculator than to do it by hand?<\/b><b><br \/><\/b><span style=\"font-weight: 400;\"> Yes, you save time and avoid calculation errors, especially when working with multiple values.<\/span><\/p>[\/et_pb_text][et_pb_image src=\u201d@ET-DC@eyJkeW5hbWljIjp0cnVlLCJjb250ZW50IjoicG9zdF9mZWF0dXJlZF9pbWFnZSIsInNldHRpbmdzIjp7fX0=@\u201d alt=\u201dDebt Ratio Calculator\u201d title_text=\u201dDebt Ratio Calculator\u201d align=\u201dcenter\u201d align_tablet=\u201dcenter\u201d align_phone=\u201dcenter\u201d align_last_edited=\u201don|desktop\u201d _builder_version=\u201d4.27.4\u2033 _dynamic_attributes=\u201dsrc\u201d _module_preset=\u201ddefault\u201d custom_margin_tablet=\u201d||30px||false|false\u201d custom_margin_phone=\u201d||30px||false|false\u201d custom_margin_last_edited=\u201don|phone\u201d global_colors_info=\u201d{}\u201d][\/et_pb_image][\/et_pb_column][\/et_pb_row][\/et_pb_section]","protected":false},"excerpt":{"rendered":"<p>\u00bfNecesitas resolver un tri\u00e1ngulo rect\u00e1ngulo? Esta calculadora te permite obtener al instante la hipotenusa o uno de los catetos con solo ingresar dos lados conocidos.<br \/>\n\u00bfQuieres simplificar tus c\u00e1lculos y evitar errores? Descubre c\u00f3mo esta herramienta puede ayudarte en segundos.<\/p>","protected":false},"author":5,"featured_media":3144,"parent":2905,"menu_order":2,"comment_status":"closed","ping_status":"closed","template":"","meta":{"_et_pb_use_builder":"on","_et_pb_old_content":"","_et_gb_content_width":"","_monsterinsights_skip_tracking":false,"_monsterinsights_sitenote_active":false,"_monsterinsights_sitenote_note":"","_monsterinsights_sitenote_category":0,"footnotes":""},"class_list":["post-2981","page","type-page","status-publish","has-post-thumbnail","hentry"],"_links":{"self":[{"href":"https:\/\/calculatorcch.com\/en\/wp-json\/wp\/v2\/pages\/2981","targetHints":{"allow":["GET"]}}],"collection":[{"href":"https:\/\/calculatorcch.com\/en\/wp-json\/wp\/v2\/pages"}],"about":[{"href":"https:\/\/calculatorcch.com\/en\/wp-json\/wp\/v2\/types\/page"}],"author":[{"embeddable":true,"href":"https:\/\/calculatorcch.com\/en\/wp-json\/wp\/v2\/users\/5"}],"replies":[{"embeddable":true,"href":"https:\/\/calculatorcch.com\/en\/wp-json\/wp\/v2\/comments?post=2981"}],"version-history":[{"count":3,"href":"https:\/\/calculatorcch.com\/en\/wp-json\/wp\/v2\/pages\/2981\/revisions"}],"predecessor-version":[{"id":3145,"href":"https:\/\/calculatorcch.com\/en\/wp-json\/wp\/v2\/pages\/2981\/revisions\/3145"}],"up":[{"embeddable":true,"href":"https:\/\/calculatorcch.com\/en\/wp-json\/wp\/v2\/pages\/2905"}],"wp:featuredmedia":[{"embeddable":true,"href":"https:\/\/calculatorcch.com\/en\/wp-json\/wp\/v2\/media\/3144"}],"wp:attachment":[{"href":"https:\/\/calculatorcch.com\/en\/wp-json\/wp\/v2\/media?parent=2981"}],"curies":[{"name":"wp","href":"https:\/\/api.w.org\/{rel}","templated":true}]}}